{"id":5,"date":"2018-01-31T22:01:03","date_gmt":"2018-01-31T22:01:03","guid":{"rendered":"https:\/\/orgelkanne.de\/?page_id=5"},"modified":"2023-04-16T11:52:19","modified_gmt":"2023-04-16T11:52:19","slug":"willkommen","status":"publish","type":"page","link":"https:\/\/orgelkanne.de\/","title":{"rendered":"Willkommen"},"content":{"rendered":"<p>Herzlich willkommen! Friedemann Kannengie\u00dfer ist als Kantor und Organist durch zahlreiche Konzerte bekannt geworden. Viele Konzertreisen f\u00fchrten ihn durch ganz Europa. Als Begr\u00fcnder des Internationalen Eimsb\u00fcttler Orgelsommers, der Tage Alter Musik in Hamburg-Eimsb\u00fcttel und durch Fernsehproduktionen pr\u00e4sentiert er sich einer breiten \u00d6ffentlichkeit. Als Organist ist er ein gefragter Solist und\u00a0 ein anerkannter Interpret.<\/p>\n<p><img loading=\"lazy\" decoding=\"async\" class=\"aligncenter wp-image-87 size-full\" src=\"https:\/\/orgelkanne.de\/wp-content\/uploads\/2018\/02\/orgel_ausschnitt.png\" alt=\"\" width=\"656\" height=\"345\" srcset=\"https:\/\/orgelkanne.de\/wp-content\/uploads\/2018\/02\/orgel_ausschnitt.png 656w, https:\/\/orgelkanne.de\/wp-content\/uploads\/2018\/02\/orgel_ausschnitt-300x158.png 300w\" sizes=\"auto, (max-width: 656px) 100vw, 656px\" \/><\/p>\n","protected":false},"excerpt":{"rendered":"<p>Herzlich willkommen! Friedemann Kannengie\u00dfer ist als Kantor und Organist durch zahlreiche Konzerte bekannt geworden. Viele Konzertreisen f\u00fchrten ihn durch ganz Europa. Als Begr\u00fcnder des Internationalen Eimsb\u00fcttler Orgelsommers, der Tage Alter Musik in Hamburg-Eimsb\u00fcttel und durch Fernsehproduktionen pr\u00e4sentiert er sich einer breiten \u00d6ffentlichkeit. Als Organist ist er ein gefragter Solist und\u00a0 ein anerkannter Interpret.<\/p>\n","protected":false},"author":1,"featured_media":0,"parent":0,"menu_order":0,"comment_status":"closed","ping_status":"closed","template":"","meta":{"footnotes":""},"class_list":["post-5","page","type-page","status-publish","hentry"],"_links":{"self":[{"href":"https:\/\/orgelkanne.de\/index.php\/wp-json\/wp\/v2\/pages\/5","targetHints":{"allow":["GET"]}}],"collection":[{"href":"https:\/\/orgelkanne.de\/index.php\/wp-json\/wp\/v2\/pages"}],"about":[{"href":"https:\/\/orgelkanne.de\/index.php\/wp-json\/wp\/v2\/types\/page"}],"author":[{"embeddable":true,"href":"https:\/\/orgelkanne.de\/index.php\/wp-json\/wp\/v2\/users\/1"}],"replies":[{"embeddable":true,"href":"https:\/\/orgelkanne.de\/index.php\/wp-json\/wp\/v2\/comments?post=5"}],"version-history":[{"count":10,"href":"https:\/\/orgelkanne.de\/index.php\/wp-json\/wp\/v2\/pages\/5\/revisions"}],"predecessor-version":[{"id":1029,"href":"https:\/\/orgelkanne.de\/index.php\/wp-json\/wp\/v2\/pages\/5\/revisions\/1029"}],"wp:attachment":[{"href":"https:\/\/orgelkanne.de\/index.php\/wp-json\/wp\/v2\/media?parent=5"}],"curies":[{"name":"wp","href":"https:\/\/api.w.org\/{rel}","templated":true}]}}