{"id":16,"date":"2018-01-31T22:13:52","date_gmt":"2018-01-31T22:13:52","guid":{"rendered":"https:\/\/orgelkanne.de\/?page_id=16"},"modified":"2023-04-16T11:47:36","modified_gmt":"2023-04-16T11:47:36","slug":"schola-cantorum","status":"publish","type":"page","link":"https:\/\/orgelkanne.de\/index.php\/schola-cantorum\/","title":{"rendered":"curriculum vitae"},"content":{"rendered":"<p>Friedemann Kannengie\u00dfer<\/p>\n<p>Geboren 1954 in H\u00f6xter\/Westfalen<\/p>\n<p>Aufgewachsen in Heide\/Holstein<\/p>\n<p>Abgeschlossenes Studium der Kirchenmusik<br \/>\nan der Musikhochschule L\u00fcbeck<br \/>\nOrgel bei Hans Gebhard<br \/>\nKlavier bei Ekkehard Carbow<\/p>\n<p>Ab 1976 Kantor und Organist<br \/>\nan der St. Stephanus-Kirche in Hamburg-Eimsb\u00fcttel,<br \/>\nvon 1999 bis 2017 Regionalkantor<br \/>\nan der Christuskirche in Hamburg-Eimsb\u00fcttel<\/p>\n<p>Begr\u00fcnder mehrerer Ensembles und Konzertreihen:<\/p>\n<p>Eimsb\u00fcttler Kantorei, schola cantorum st. stephanus, Syrinx Solisten Ensemble, bocal consort<\/p>\n<p>Internationaler Eimsb\u00fcttler Orgelsommer, Tage Alter Musik, Serenade, Motette<\/p>\n<p>Konzerte als Organist, Cembalist und Leiter verschiedener Ensembles in vielen L\u00e4ndern Europas<\/p>\n<p><img loading=\"lazy\" decoding=\"async\" class=\"alignnone size-medium wp-image-456\" src=\"https:\/\/orgelkanne.de\/wp-content\/uploads\/2019\/02\/Orgel-Lienz-169x300.jpg\" alt=\"\" width=\"169\" height=\"300\" srcset=\"https:\/\/orgelkanne.de\/wp-content\/uploads\/2019\/02\/Orgel-Lienz-169x300.jpg 169w, https:\/\/orgelkanne.de\/wp-content\/uploads\/2019\/02\/Orgel-Lienz-768x1365.jpg 768w, https:\/\/orgelkanne.de\/wp-content\/uploads\/2019\/02\/Orgel-Lienz-576x1024.jpg 576w, https:\/\/orgelkanne.de\/wp-content\/uploads\/2019\/02\/Orgel-Lienz.jpg 900w\" sizes=\"auto, (max-width: 169px) 100vw, 169px\" \/><\/p>\n","protected":false},"excerpt":{"rendered":"<p>Friedemann Kannengie\u00dfer Geboren 1954 in H\u00f6xter\/Westfalen Aufgewachsen in Heide\/Holstein Abgeschlossenes Studium der Kirchenmusik an der Musikhochschule L\u00fcbeck Orgel bei Hans Gebhard Klavier bei Ekkehard Carbow Ab 1976 Kantor und Organist an der St. Stephanus-Kirche in Hamburg-Eimsb\u00fcttel, von 1999 bis 2017 Regionalkantor an der Christuskirche in Hamburg-Eimsb\u00fcttel Begr\u00fcnder mehrerer Ensembles und Konzertreihen: Eimsb\u00fcttler Kantorei, schola cantorum &hellip; <\/p>\n<p class=\"link-more\"><a href=\"https:\/\/orgelkanne.de\/index.php\/schola-cantorum\/\" class=\"more-link\"><span class=\"screen-reader-text\">\u201ecurriculum vitae\u201c <\/span>weiterlesen<\/a><\/p>\n","protected":false},"author":1,"featured_media":0,"parent":0,"menu_order":0,"comment_status":"closed","ping_status":"closed","template":"","meta":{"footnotes":""},"class_list":["post-16","page","type-page","status-publish","hentry"],"_links":{"self":[{"href":"https:\/\/orgelkanne.de\/index.php\/wp-json\/wp\/v2\/pages\/16","targetHints":{"allow":["GET"]}}],"collection":[{"href":"https:\/\/orgelkanne.de\/index.php\/wp-json\/wp\/v2\/pages"}],"about":[{"href":"https:\/\/orgelkanne.de\/index.php\/wp-json\/wp\/v2\/types\/page"}],"author":[{"embeddable":true,"href":"https:\/\/orgelkanne.de\/index.php\/wp-json\/wp\/v2\/users\/1"}],"replies":[{"embeddable":true,"href":"https:\/\/orgelkanne.de\/index.php\/wp-json\/wp\/v2\/comments?post=16"}],"version-history":[{"count":81,"href":"https:\/\/orgelkanne.de\/index.php\/wp-json\/wp\/v2\/pages\/16\/revisions"}],"predecessor-version":[{"id":1026,"href":"https:\/\/orgelkanne.de\/index.php\/wp-json\/wp\/v2\/pages\/16\/revisions\/1026"}],"wp:attachment":[{"href":"https:\/\/orgelkanne.de\/index.php\/wp-json\/wp\/v2\/media?parent=16"}],"curies":[{"name":"wp","href":"https:\/\/api.w.org\/{rel}","templated":true}]}}