{"id":11,"date":"2018-01-31T22:13:11","date_gmt":"2018-01-31T22:13:11","guid":{"rendered":"https:\/\/orgelkanne.de\/?page_id=11"},"modified":"2026-04-28T20:07:29","modified_gmt":"2026-04-28T20:07:29","slug":"konzerte","status":"publish","type":"page","link":"https:\/\/orgelkanne.de\/index.php\/konzerte\/","title":{"rendered":"Konzerte"},"content":{"rendered":"<div class=\"wp-block-image\">\n<figure class=\"aligncenter\"><img loading=\"lazy\" decoding=\"async\" width=\"960\" height=\"1280\" src=\"https:\/\/orgelkanne.de\/wp-content\/uploads\/2018\/02\/kanne_orgel.jpg\" alt=\"\" class=\"wp-image-95\" srcset=\"https:\/\/orgelkanne.de\/wp-content\/uploads\/2018\/02\/kanne_orgel.jpg 960w, https:\/\/orgelkanne.de\/wp-content\/uploads\/2018\/02\/kanne_orgel-225x300.jpg 225w, https:\/\/orgelkanne.de\/wp-content\/uploads\/2018\/02\/kanne_orgel-768x1024.jpg 768w\" sizes=\"auto, (max-width: 767px) 89vw, (max-width: 1000px) 54vw, (max-width: 1071px) 543px, 580px\" \/><\/figure>\n<\/div>\n\n\n<h2 class=\"wp-block-heading\">GOTTESDIENSTE UND KONZERTE 2026<\/h2>\n\n\n\n<p>Orgelf\u00fchrungen Divi Blasii-Kirche, <strong><a href=\"mailto:service@touristinfo-muehlhausen.de\">service@touristinfo-muehlhausen.de<\/a><\/strong><\/p>\n\n\n\n<p>Haus der Kirche, M\u00fchlhausen<br>Do, 1. Januar 2026<br><strong>15<\/strong> Uhr<br>Gottesdienst<\/p>\n\n\n\n<p>Haus der Kirche, M\u00fchlhausen<br>So, 1. Februar 2026<br>1O Uhr<br>Gottesdienst<\/p>\n\n\n\n<p>Haus der Kirche, M\u00fchlhausen<br>So, 22. Februar 2026<br>10 Uhr<br>Gottesdienst<\/p>\n\n\n\n<p>Haus der Kirche, M\u00fchlhausen<br>So, 29. M\u00e4rz 2026<br>10 Uhr<br>Gottesdienst<\/p>\n\n\n\n<p>St. Nicolai, M\u00fchlhausen<br>So, 19. April 2026<br><strong>17<\/strong> Uhr<br>Gottesdienst<\/p>\n\n\n\n<p>Divi Blasii, M\u00fchlhausen<br>Mi, 6. Mai 2026<br><strong>20:30<\/strong> Uhr<br>Orgelmusik zur Nacht<\/p>\n\n\n\n<p>Divi Blasii, M\u00fchlhausen<br>So, 31. Mai 2026<br><strong>14<\/strong> Uhr<br>Gottesdienst<\/p>\n\n\n\n<p>Divi Blasii, M\u00fchlhausen<br>Mi, 10. Juni 2026<br><strong>12 <\/strong>Uhr<br>Orgelandacht<br><\/p>\n\n\n\n<p>Divi Blasii, M\u00fchlhausen<br>Mi, 22. Juli 2026<br><strong>12 <\/strong>Uhr<br>Orgelandacht<\/p>\n\n\n\n<p>Divi Blasii, M\u00fchlhausen<br>Mi, 29. Juli 2026<br><strong>12 <\/strong>Uhr<br>Orgelandacht<\/p>\n\n\n\n<p>Divi Blasii, M\u00fchlhausen<br>Do, 30. Juli 2026<br><strong>11<\/strong> Uhr<br>Orgelmatinee<\/p>\n\n\n\n<p>Divi Blasii, M\u00fchlhausen<br>So, 23. August 2026<br><strong>17<\/strong> Uhr<br>Gitarre und Orgel<\/p>\n\n\n\n<p>St. Martini, Gro\u00dfengottern<br>Sa, 5. September 2026<br><strong>18<\/strong> Uhr<br>Orgelandacht<br><\/p>\n\n\n\n<p><strong><a href=\"https:\/\/orgelkanne.de\/wp-content\/uploads\/flyer_2024.pdf\" target=\"_blank\" rel=\"noreferrer noopener\">Hier <\/a>der Jahresplan Flyer 2026<\/strong>!<\/p>\n\n\n\n<p><strong>Alle Gottesdienste und Konzerte 2026 finden Sie <a href=\"https:\/\/orgelkanne.de\/wp-content\/uploads\/Plakative_Uebersicht.pdf\" target=\"_blank\" rel=\"noopener noreferrer\">hier<\/a><\/strong><br><\/p>\n\n\n\n<h2 class=\"wp-block-heading\">GOTTESDIENSTE UND KONZERTE 2025<\/h2>\n\n\n\n<p>Haus der Kirche, M\u00fchlhausen<br>Mi, 1. Januar 2025<br><strong>16<\/strong> Uhr<br>Gottesdienst<\/p>\n\n\n\n<p>Haus der Kirche, M\u00fchlhausen<br>So, 12. Januar 2025<br>10 Uhr<br>Gottesdienst<\/p>\n\n\n\n<p>Divi Blasii-Kirche, M\u00fchlhausen<br>So, 4. Mai 2025<br>10 Uhr<br>Gottesdienst<\/p>\n\n\n\n<p>Divi Blasii-Kirche, M\u00fchlhausen<br>Mi, 14. Mai 2025<br><strong>20:30 <\/strong>Uhr<br>Orgelmusik zur Nacht<\/p>\n\n\n\n<p>Divi Blasii-Kirche, M\u00fchlhausen<br>So, 1. Juni 2025<br>10 Uhr<br>Gottesdienst<\/p>\n\n\n\n<p>Divi Blasii-Kirche, M\u00fchlhausen<br>Mi, 11. Juni 2025<br>12 Uhr<br>Orgelandacht<\/p>\n\n\n\n<p>Divi Blasii-Kirche, M\u00fchlhausen<br>Mi, 9. Juli 2025<br>12 Uhr<br>Orgelandacht<\/p>\n\n\n\n<p>Divi Blasii-Kirche, M\u00fchlhausen<br>Mi, 16. Juli 2025<br>12 Uhr<br>Orgelandacht<\/p>\n\n\n\n<p>Divi Blasii-Kirche, M\u00fchlhausen<br>So, 20. Juli 2025<br>10 Uhr<br>Gottesdienst<\/p>\n\n\n\n<p>Divi Blasii-Kirche, M\u00fchlhausen<br>Mi, 23. Juli 2025<br>12 Uhr<br>Orgelandacht<\/p>\n\n\n\n<p>St. Marien, M\u00fchlhausen<br>Do, 25. September 2025<br>17 Uhr<br>Orgelmusik<br><\/p>\n\n\n\n<p>Divi Blasii-Kirche, M\u00fchlhausen<br>So, 19. Oktober 2025<br>10 Uhr<br>Gottesdienst<\/p>\n\n\n\n<p>St. Martini, Gro\u00dfengottern<br>Sa, 25. Oktober 2025<br>17 Uhr<br>Orgelandacht<br><\/p>\n\n\n\n<p>St. Martini, Gro\u00dfengottern<br>So, 23. November 2025<br>13 Uhr<br>Gottesdienst<br><\/p>\n\n\n\n<h2 class=\"wp-block-heading\">GOTTESDIENSTE UND KONZERTE 2024<\/h2>\n\n\n\n<p>Haus der Kirche, M\u00fchlhausen<br>So, 11. Februar 2024<br>10 Uhr<br>Gottesdienst<\/p>\n\n\n\n<p>Haus der Kirche, M\u00fchlhausen<br>So, 18. Februar 2024<br>10 Uhr<br>Gottesdienst<\/p>\n\n\n\n<p>Haus der Kirche, M\u00fchlhausen<br>So, 3. M\u00e4rz 2024<br>10 Uhr<br>Gottesdienst<\/p>\n\n\n\n<p>St. Nicolai, M\u00fchlhausen<br>So, 19. Mai 2024<br>10 Uhr<br>Gottesdienst <\/p>\n\n\n\n<p>Divi Blasii-Kirche, M\u00fchlhausen<br>Mi, 22. Mai 2024<br><strong>20:45 <\/strong>Uhr<br>Orgelmusik zur Nacht<\/p>\n\n\n\n<p>Divi Blasii-Kirche, M\u00fchlhausen<br>Mi, 12. Juni 2024<br>12 Uhr, Orgelandacht<\/p>\n\n\n\n<p>Divi Blasii-Kirche, M\u00fchlhausen<br>Mi, 19. Juni 2024<br>12 Uhr, Orgelandacht<\/p>\n\n\n\n<p>Divi Blasii-Kirche, M\u00fchlhausen<br>So, 14. Juli 2024<br>10 Uhr<br>Gottesdienst <\/p>\n\n\n\n<p>Divi Blasii-Kirche, M\u00fchlhausen<br>Mi, 17. Juli 2024<br>12 Uhr, Orgelandacht<\/p>\n\n\n\n<p>Divi Blasii-Kirche, M\u00fchlhausen<br>Mi, 24. Juli 2024<br>12 Uhr, Orgelandacht<\/p>\n\n\n\n<p>Divi Blasii-Kirche, M\u00fchlhausen<br>So, 28. Juli 2024<br>10 Uhr<br>Gottesdienst <\/p>\n\n\n\n<p>Divi Blasii-Kirche, M\u00fchlhausen<br>Mi, 31. Juli 2024<br>12 Uhr, Orgelandacht<\/p>\n\n\n\n<p>Divi Blasii-Kirche, M\u00fchlhausen<br>So, 18. August 2024<br>17 Uhr, Orgelkonzert<\/p>\n\n\n\n<p>St. Nicolai, M\u00fchlhausen<br>So, 22. September 2024<br>17 Uhr<br>Gottesdienst<\/p>\n\n\n\n<p>Divi Blasii-Kirche, M\u00fchlhausen<br>So, 29. September 2024<br>10 Uhr<br>Gottesdienst<\/p>\n\n\n\n<p>Divi Blasii-Kirche, M\u00fchlhausen<br>Mi, 2. Oktober 2024<br>12 Uhr, Orgelandacht<\/p>\n\n\n\n<p>Divi Blasii-Kirche, M\u00fchlhausen<br>So, 13. Oktober 2024<br>10 Uhr<br>Gottesdienst <\/p>\n\n\n\n<p>St. Martini<br>Gro\u00dfengottern<br>Sa, 26. Oktober 2024<br>17 Uhr<br>Orgelandacht<\/p>\n\n\n\n<h2 class=\"wp-block-heading\">GOTTESDIENSTE UND KONZERTE 2023<\/h2>\n\n\n\n<p>Haus der Kirche, M\u00fchlhausen<br>So, 1. Januar 2023<br>15 Uhr<br>Gottesdienst<\/p>\n\n\n\n<p>Haus der Kirche, M\u00fchlhausen<br>So, 12. M\u00e4rz 2023<br>10 Uhr<br>Gottesdienst<\/p>\n\n\n\n<p>Haus der Kirche, M\u00fchlhausen<br>So, 26. M\u00e4rz 2023<br>10 Uhr<br>Gottesdienst<\/p>\n\n\n\n<p>Divi Blasii-Kirche, M\u00fchlhausen<br>Mi, 24. Mai 2023<br>20:45 Uhr, Orgelmusik zur Nacht <\/p>\n\n\n\n<p>Martin Luther Kirche, Lienz<br>Sa, 17. Juni 2023<br>18 Uhr, Orgelkonzert<\/p>\n\n\n\n<p>Christuskirche, Hamburg-Eimsb\u00fcttel<br>Sa, 29. Juli 2023<br>12 Uhr, Orgelkonzert<\/p>\n\n\n\n<p>Divi Blasii-Kirche, M\u00fchlhausen<br>Mi, 2. August 2023<br>12 Uhr, Orgelandacht<\/p>\n\n\n\n<p>Divi Blasii-Kirche, M\u00fchlhausen<br>So, 6. August 2023<br>10 Uhr<br>Gottesdienst <\/p>\n\n\n\n<p>Divi Blasii-Kirche, M\u00fchlhausen<br>Mi, 9. August 2023<br>12 Uhr, Orgelandacht<\/p>\n\n\n\n<p>Divi Blasii-Kirche, M\u00fchlhausen<br>So, 13. August 2023<br>10 Uhr<br>Gottesdienst <\/p>\n\n\n\n<p>Divi Blasii-Kirche, M\u00fchlhausen<br>Mi, 16. August 2023<br>12 Uhr, Orgelandacht<\/p>\n\n\n\n<p>Divi Blasii-Kirche, M\u00fchlhausen<br>So, 20. August 2023<br><strong>15 <\/strong>Uhr<br>Gottesdienst <\/p>\n\n\n\n<p>Pfarrkirche Ainet<br>Mo, 11. September 2023<br><strong>20:30 <\/strong>Uhr<br>Orgelkonzert<\/p>\n\n\n\n<p>Divi Blasii-Kirche, M\u00fchlhausen<br>Mi, 20. September 2023<br>12 Uhr, Orgelandacht<\/p>\n\n\n\n<p>Divi Blasii-Kirche, M\u00fchlhausen<br>So, 24. September 2023<br>10 Uhr<br>Gottesdienst <\/p>\n\n\n\n<p>Divi Blasii-Kirche, M\u00fchlhausen<br>So, 8. Oktober 2023<br>10 Uhr<br>Gottesdienst<\/p>\n\n\n\n<p>Divi Blasii-Kirche, M\u00fchlhausen<br>So, 15. Oktober 2023<br>10 Uhr<br>Gottesdienst<\/p>\n\n\n\n<p>St. Walpurgis<br>Gro\u00dfengottern<br>Sa, 21. Oktober 2023<br>17 Uhr<br>Orgelandacht<\/p>\n\n\n\n<p>Haus der Kirche, M\u00fchlhausen<br>Mi, 22. November 2023<br><strong>18<\/strong> Uhr<br>Gottesdienst<\/p>\n\n\n\n<p>Annenkapelle, M\u00fchlhausen<br>Sa, 25. November 2023<br>19:30 Uhr<br>Cembalokonzert<\/p>\n\n\n\n<p>Divi Blasii-Kirche, M\u00fchlhausen<br>Fr, 15. Dezember 2023<br>18 Uhr<br>Orgelandacht<\/p>\n\n\n\n<p>Divi Blasii-Kirche, M\u00fchlhausen<br>So, 24. Dezember 2023<br><strong>22:30<\/strong> Uhr Uhr<br>Gottesdienst<\/p>\n\n\n\n<h2 class=\"wp-block-heading\">GOTTESDIENSTE UND KONZERTE 2022<\/h2>\n\n\n\n<p>Divi Blasii-Kirche, M\u00fchlhausen<br>Sa, 15. Januar 2022<br>14 Uhr<br>Gottesdienst<\/p>\n\n\n\n<p>Haus der Kirche, M\u00fchlhausen<br>So, 13. Februar 2022<br>10 Uhr<br>Gottesdienst<\/p>\n\n\n\n<p>Haus der Kirche, M\u00fchlhausen<br>So, 6. M\u00e4rz 2022<br>10 Uhr<br>Gottesdienst <\/p>\n\n\n\n<p>St. Georgs-Kirche, Thamsbr\u00fcck<br>Sa, 12. M\u00e4rz 2022<br>18 Uhr<br>Orgelkonzert<\/p>\n\n\n\n<p>St. Nicolai-Kirche, M\u00fchlhausen<br>So, 10. April 2022<br>10 Uhr<br>Gottesdienst<\/p>\n\n\n\n<p>Divi Blasii-Kirche, M\u00fchlhausen<br>Do, 21. April 2022<br>11 Uhr<br>Gottesdienst<\/p>\n\n\n\n<p>Martin Luther-Kirche, Lienz<br>So, 22. Mai 2022<br>9:30 Uhr<br>Gottesdienst<\/p>\n\n\n\n<p>St. Georg-Kirche, Langula<br>So, 5. Juni 2022<br>10 Uhr<br>Gottesdienst<\/p>\n\n\n\n<p>Divi Blasii-Kirche, M\u00fchlhausen<br>Mi, 3. August 2022<br>12 Uhr, Orgelandacht<\/p>\n\n\n\n<p>Divi Blasii-Kirche, M\u00fchlhausen<br>Sa, 6. August 2022<br>17 Uhr<br>Gottesdienst<\/p>\n\n\n\n<p>Divi Blasii-Kirche, M\u00fchlhausen<br>So, 7. August 2022<br>10 Uhr<br>Gottesdienst <\/p>\n\n\n\n<p>Divi Blasii-Kirche, M\u00fchlhausen<br>Mi, 10. August 2022<br>12 Uhr, Orgelandacht<\/p>\n\n\n\n<p>Divi Blasii-Kirche, M\u00fchlhausen<br>Mi, 17. August 2022<br>12 Uhr, Orgelandacht  <\/p>\n\n\n\n<p>Martin Luther-Kirche, Lienz<br>So, 28. August 2022<br>9:30 Uhr<br>Gottesdienst<\/p>\n\n\n\n<p>Divi Blasii-Kirche, M\u00fchlhausen<br>So, 25. September 2022<br>10 Uhr<br>Gottesdienst  <\/p>\n\n\n\n<p>Divi Blasii-Kirche, M\u00fchlhausen<br>Mo, 31. Oktober 2022<br>10 Uhr<br>Gottesdienst  <\/p>\n\n\n\n<p>St. Walpurgis<br>Gro\u00dfengottern<br>So, 20. November 2022<br>15 Uhr<br>Gottesdienst<\/p>\n\n\n\n<p>Divi Blasii-Kirche, M\u00fchlhausen<br>Sa, 10. Dezember 2022<br>18 Uhr, Orgelandacht  <\/p>\n\n\n\n<p>Haus der Kirche, M\u00fchlhausen<br>Sa, 31. Dezember 2022<br>15 Uhr<br>Gottesdienst<\/p>\n\n\n\n<h2 class=\"wp-block-heading\">GOTTESDIENSTE UND KONZERTE 2021<\/h2>\n\n\n\n<p>St. Nicolai-Kirche, M\u00fchlhausen<br>So, 24. Januar 2021<br>10 Uhr<br>Gottesdienst<\/p>\n\n\n\n<p>Haus der Kirche, M\u00fchlhausen<br>So, 7. M\u00e4rz 2021<br>10 Uhr<br>Gottesdienst<\/p>\n\n\n\n<p>St. Nicolai-Kirche, M\u00fchlhausen<br>So, 28. M\u00e4rz 2021<br>10 Uhr<br>Gottesdienst<\/p>\n\n\n\n<p>St. Martin-Kirche, G\u00f6rmar<br>So, 4. April 2021<br>14 Uhr<br>Gottesdienst<\/p>\n\n\n\n<p>Divi Blasii-Kirche, M\u00fchlhausen<br>April \/ Mai 2021<br>Orgelf\u00fchrungen<\/p>\n\n\n\n<p>St. Georg-Kirche, Langula<br>So, 23. Mai 2021<br>10 Uhr<br>Gottesdienst<\/p>\n\n\n\n<p>St. Georg-Kirche, Thamsbr\u00fcck<br>So, 20. Juni 2021<br>14 Uhr<br>Orgelmusik<\/p>\n\n\n\n<p>Divi Blasii-Kirche, M\u00fchlhausen<br>Mi, 30. Juni 2021<br>12 Uhr, Orgelandacht<\/p>\n\n\n\n<p>M\u00fchlhausen<br>Sa, 3. Juli 2021<br>St. Petri-Kirche, 19 Uhr<br>St. Josef-Kirche, 20 Uhr<br>Divi Blasii-Kirche, 21 Uhr<br>Orgelnacht<\/p>\n\n\n\n<p>Divi Blasii-Kirche, M\u00fchlhausen<br>Mi, 7. Juli 2021<br>12 Uhr, Orgelandacht<\/p>\n\n\n\n<p>Divi Blasii-Kirche, M\u00fchlhausen<br>So, 11. Juli 2021<br>10 Uhr, Gottesdienst<\/p>\n\n\n\n<p>Divi Blasii-Kirche, M\u00fchlhausen<br>Mi, 21. Juli 2021<br>12 Uhr, Orgelandacht<\/p>\n\n\n\n<p>St. Walpurgis<br>Gro\u00dfengottern<br>Sa, 24. Juli 2021<br>17 Uhr<br>Orgelandacht<\/p>\n\n\n\n<p>Divi Blasii-Kirche, M\u00fchlhausen<br>August \/ September<br>Orgelf\u00fchrungen<\/p>\n\n\n\n<p>M\u00fchlhausen<br>Sa, 18. September 2021<br>18 Uhr<br>Hauskonzert<br>(nur f\u00fcr geladene G\u00e4ste)<\/p>\n\n\n\n<p>St. Martini<br>Gro\u00dfengottern<br>So, 19. September 2021<br>19:30 Uhr<br>OrgelKonzert<\/p>\n\n\n\n<p>Divi Blasii-Kirche, M\u00fchlhausen<br>So, 26. September 2021<br>10 Uhr, Stadtgottesdienst<\/p>\n\n\n\n<p>Divi Blasii-Kirche, M\u00fchlhausen<br>Do, 30. September 2021<br>10 Uhr, Diakoniegottesdienst <\/p>\n\n\n\n<p>St. Nicolai-Kirche, M\u00fchlhausen<br>So, 24. Oktober 2021<br>10 Uhr<br>Gottesdienst <\/p>\n\n\n\n<p>Divi Blasii-Kirche, M\u00fchlhausen<br>Di, 3. November 2021<br>20:45 Uhr, Orgelmusik<\/p>\n\n\n\n<p>Haus der Kirche, M\u00fchlhausen<br>Mi, 17. November 2021<br>19 Uhr<br>Gottesdienst  <\/p>\n\n\n\n<p>St. Walpurgis<br>Gro\u00dfengottern<br>So, 5. Dezember 2021<br>17 Uhr<br>Orgelandacht  <\/p>\n\n\n\n<p>St. Nicolai-Kirche, M\u00fchlhausen<br>Fr, 24. Dezember 2021<br>18 Uhr<br>Gottesdienst  <\/p>\n\n\n\n<p>St. Nicolai-Kirche, M\u00fchlhausen<br>Fr, 31. Dezember 2021<br>17 Uhr<br>Gottesdienst  <\/p>\n\n\n\n<p><\/p>\n\n\n\n<h2 class=\"wp-block-heading\">GOTTESDIENSTE UND KONZERTE 2020<\/h2>\n\n\n\n<p>St. Nicolai-Kirche, M\u00fchlhausen<br>So, 2. Februar 2020<br>10 Uhr<br>Gottesdienst<\/p>\n\n\n\n<p> Haus der Kirche, M\u00fchlhausen <br> So, 9. Februar 2020 <br> 10 Uhr <br> Gottesdienst <\/p>\n\n\n\n<p>Gut Apeld\u00f6r, Henstedt<br>Sa, 15. Februar 2020<br>13 Uhr<br>Violine und Klavier<\/p>\n\n\n\n<p> Haus der Kirche, M\u00fchlhausen <br> So, 8. M\u00e4rz 2020 <br> 10 Uhr <br> Gottesdienst <\/p>\n\n\n\n<p>ACHTUNG<br>ob die weiteren angek\u00fcndigten Konzerte auf Grund der aktuellen Gef\u00e4hrdungslage durch Coronavirus-Infektion stattfinden k\u00f6nnen, erfahren Sie kurzfristig auf dieser Seite  und bei News!<br>Herzlichen Dank f\u00fcr ihr Verst\u00e4ndnis!<\/p>\n\n\n\n<p>M\u00fchlhausen<br><strong>(F\u00e4llt leider aus!)<\/strong><br>So, 26. April 2020<br>18 Uhr<br>Hauskonzert<br>(nur f\u00fcr geladene G\u00e4ste)<\/p>\n\n\n\n<p>St. Georg-Kirche, Thamsbr\u00fcck<br> <strong>(F\u00e4llt leider aus!)<\/strong><br>Sa, 9. Mai 2020<br>19:30 Uhr<br>Orgelkonzert<\/p>\n\n\n\n<p> Divi  Blasii-Kirche, M\u00fchlhausen<br> Sonntag, 24. Mai 2020<br> 17 Uhr<br> Orgelandacht<\/p>\n\n\n\n<p>Martin Luther-Kirche, Lienz<br> <strong>(F\u00e4llt leider aus!)<\/strong><br>Mo,  1. Juni 2020<br>18 Uhr<br>Orgelandacht<\/p>\n\n\n\n<p>M\u00fchlhausen<br> <strong>(F\u00e4llt leider aus!)<\/strong> <br>Sa, 11. Juli 2020<br>St. Petri-Kirche, 20 Uhr<br>St. Joseph-Kirche, 21 Uhr<br>Divi Blasii-Kirche, 22 Uhr<br>Orgelnacht<\/p>\n\n\n\n<p>Christuskirche<br>Hamburg-Eimsb\u00fcttel<br> <strong>(F\u00e4llt leider aus!)<\/strong> <br>Sa, 18. Juli 2020<br>12 Uhr<br>Orgelkonzert<\/p>\n\n\n\n<p>Divi Blasii-Kirche, M\u00fchlhausen<br>Mittwoch, 22. Juli  2020<br>12 Uhr<br>Orgelandacht<\/p>\n\n\n\n<p>St. Walpurgis<br>Gro\u00dfengottern<br>Sa, 25. Juli 2020<br>19:30 Uhr<br>Orgelandacht<\/p>\n\n\n\n<p>Divi Blasii-Kirche, M\u00fchlhausen<br>Mittwoch, 29. Juli 2020<br>12 Uhr<br>Orgelandacht<\/p>\n\n\n\n<p>St. Georg-Kirche, L\u00fcdershagen<br>So, 2. August 2020<br>17 Uhr<br>Orgelkonzert<\/p>\n\n\n\n<p>Divi Blasii-Kirche, M\u00fchlhausen<br>Mittwoch, 5. August  2020<br>12 Uhr<br>Orgelandacht<\/p>\n\n\n\n<p>Divi Blasii-Kirche, M\u00fchlhausen<br>\nFr, 18. September 2020<br>\n19:30 Uhr<br>\nOrgelkonzert<\/p>\n\n\n\n<p>Divi Blasii-Kirche, M\u00fchlhausen<br>Sa, 3. Oktober 2020<br>16 Uhr<br>\u00d6kumenische Andacht<\/p>\n\n\n\n<p>Divi Blasii-Kirche, M\u00fchlhausen<br>So, 11. Oktober 2020<br>17 Uhr<br>Kantatengottesdienst<\/p>\n\n\n\n<p>Divi Blasii-Kirche, M\u00fchlhausen<br>Sa, 31. Oktober 2020<br>10 Uhr<br>Gottesdienst zum Reformationsfest<\/p>\n\n\n\n<p>M\u00fchlhausen<br><strong>(F\u00e4llt leider aus!)<\/strong><br>Sa, 14. November 2020<br>17 Uhr<br>Hauskonzert<br>(nur f\u00fcr geladene G\u00e4ste)<\/p>\n\n\n\n<p>St. Walpurgis<br>Gro\u00dfengottern<br>So, 22. November 2020<br>15 Uhr<br>Gottesdienst<\/p>\n\n\n\n<p>St. Georg, Langula<br>So, 6. Dezember 2020<br>10 Uhr<br>Nicolausgottesdienst<\/p>\n\n\n\n<p>St. Walpurgis<br>Gro\u00dfengottern<br>Sa, 12. Dezember 2020<br>11 Uhr<br>Trauergottesdienst<\/p>\n\n\n\n<h2 class=\"wp-block-heading\">GOTTESDIENSTE UND KONZERTE 2019<\/h2>\n\n\n\n<p> Christuskirche<br> Hamburg-Eimsb\u00fcttel<br> So, 17. Februar 2019<br> 11 Uhr<br> Chormusik Alter Meister<br> Gottesdienst <\/p>\n\n\n\n<p> Christuskirche<br> Hamburg-Eimsb\u00fcttel<br> Sa, 2. M\u00e4rz 2019<br> 20 Uhr<br> Vocalquartett und Orgel <\/p>\n\n\n\n<p> Christuskirche<br> Hamburg-Eimsb\u00fcttel<br> Mi, 20. M\u00e4rz 2019<br> 20 Uhr<br> Abschiedskonzert des Kantors<br> Chormusik Alter Meister <\/p>\n\n\n\n<p> St. Georg-Kirche, L\u00fcdershagen<br> Sa, 22. Juni 2019<br> 17 Uhr<br> Orgelkonzert <\/p>\n\n\n\n<p> St. Johannis-Kirche, Dessau<br> So, 30. Juni 2019<br> 19:30 Uhr<br> Orgelkonzert <\/p>\n\n\n\n<p> St. Jacobi-Kirche, Greifswald<br> Mi, 24. Juli 2019<br> 18 Uhr<br> Orgelkonzert <\/p>\n\n\n\n<p> Divi Blasii-Kirche, M\u00fchlhausen<br> So, 4. August 2019<br> 10 Uhr<br> Gottesdienst<\/p>\n\n\n\n<p> St. Jakob-Kirche, Villach<br> Do, 15. August 2019<br> 20 Uhr<br> Orgel und Blockfl\u00f6te <\/p>\n\n\n\n<p> Martin Luther-Kirche, Lienz<br> So, 18. August 2019<br> 20 Uhr<br> Orgel und Blockfl\u00f6te <\/p>\n\n\n\n<p>St. Georg-Kirche, Thamsbr\u00fcck<br>So. 8. September 2019<br>13:30 Uhr<br>Orgelkonzert<\/p>\n\n\n\n<p>Divi Blasii-Kirche, M\u00fchlhausen<br>So, 22. September 2019<br>10 Uhr<br>Gottesdienst<\/p>\n\n\n\n<p>Divi Blasii-Kirche, M\u00fchlhausen<br>Mi, 9. Oktober 2019<br>17 Uhr<br>Orgelandacht<\/p>\n\n\n\n<p>Divi Blasii-Kirche, M\u00fchlhausen<br>So, 13. Oktober 2019<br>10 Uhr<br>Gottesdienst<\/p>\n\n\n\n<p> Christuskirche<br> Hamburg-Eimsb\u00fcttel<br> Sa, 16. November 2019<br> 20 Uhr<br> Orgelkonzert <\/p>\n\n\n\n<p>Divi Blasii-Kirche, M\u00fchlhausen<br>So, 15. Dezember 2019<br>18 Uhr<br>Orgelandacht<\/p>\n\n\n\n<p>Divi Blasii-Kirche, M\u00fchlhausen<br>So, 22. Dezember 2019<br>19:30 Uhr<br>Weihnachtssingen<\/p>\n\n\n\n<p>St. Nicolai-Kirche, M\u00fchlhausen<br>Di, 24. Dezember 2019<br>17 Uhr<br>Christvesper<\/p>\n\n\n\n<p>St. Nicolai-Kirche, M\u00fchlhausen<br>Di, 31. Dezember 2019<br>17 Uhr<br>Gottesdienst<\/p>\n","protected":false},"excerpt":{"rendered":"<p>GOTTESDIENSTE UND KONZERTE 2026 Orgelf\u00fchrungen Divi Blasii-Kirche, service@touristinfo-muehlhausen.de Haus der Kirche, M\u00fchlhausenDo, 1. Januar 202615 UhrGottesdienst Haus der Kirche, M\u00fchlhausenSo, 1. Februar 20261O UhrGottesdienst Haus der Kirche, M\u00fchlhausenSo, 22. Februar 202610 UhrGottesdienst Haus der Kirche, M\u00fchlhausenSo, 29. M\u00e4rz 202610 UhrGottesdienst St. Nicolai, M\u00fchlhausenSo, 19. April 202617 UhrGottesdienst Divi Blasii, M\u00fchlhausenMi, 6. Mai 202620:30 UhrOrgelmusik zur &hellip; <\/p>\n<p class=\"link-more\"><a href=\"https:\/\/orgelkanne.de\/index.php\/konzerte\/\" class=\"more-link\"><span class=\"screen-reader-text\">\u201eKonzerte\u201c <\/span>weiterlesen<\/a><\/p>\n","protected":false},"author":1,"featured_media":0,"parent":0,"menu_order":0,"comment_status":"closed","ping_status":"closed","template":"","meta":{"footnotes":""},"class_list":["post-11","page","type-page","status-publish","hentry"],"_links":{"self":[{"href":"https:\/\/orgelkanne.de\/index.php\/wp-json\/wp\/v2\/pages\/11","targetHints":{"allow":["GET"]}}],"collection":[{"href":"https:\/\/orgelkanne.de\/index.php\/wp-json\/wp\/v2\/pages"}],"about":[{"href":"https:\/\/orgelkanne.de\/index.php\/wp-json\/wp\/v2\/types\/page"}],"author":[{"embeddable":true,"href":"https:\/\/orgelkanne.de\/index.php\/wp-json\/wp\/v2\/users\/1"}],"replies":[{"embeddable":true,"href":"https:\/\/orgelkanne.de\/index.php\/wp-json\/wp\/v2\/comments?post=11"}],"version-history":[{"count":270,"href":"https:\/\/orgelkanne.de\/index.php\/wp-json\/wp\/v2\/pages\/11\/revisions"}],"predecessor-version":[{"id":1645,"href":"https:\/\/orgelkanne.de\/index.php\/wp-json\/wp\/v2\/pages\/11\/revisions\/1645"}],"wp:attachment":[{"href":"https:\/\/orgelkanne.de\/index.php\/wp-json\/wp\/v2\/media?parent=11"}],"curies":[{"name":"wp","href":"https:\/\/api.w.org\/{rel}","templated":true}]}}